{"id":2,"date":"2019-09-11T10:08:35","date_gmt":"2019-09-11T07:08:35","guid":{"rendered":"https:\/\/malmivaalit.fi\/?page_id=2"},"modified":"2021-05-20T08:40:23","modified_gmt":"2021-05-20T05:40:23","slug":"esimerkkisivu","status":"publish","type":"page","link":"https:\/\/malmivaalit.fi\/kuntavaalit2021\/","title":{"rendered":"Kuntavaalit kes\u00e4kuu 2021"},"content":{"rendered":"\n<div class=\"wp-block-image\"><figure class=\"aligncenter size-large is-resized\"><img loading=\"lazy\" decoding=\"async\" src=\"https:\/\/malmivaalit.fi\/kuntavaalit2021\/wp-content\/uploads\/2020\/11\/mlm18-edited.jpg\" alt=\"\" class=\"wp-image-62\" width=\"463\" height=\"260\" srcset=\"https:\/\/malmivaalit.fi\/kuntavaalit2021\/wp-content\/uploads\/2020\/11\/mlm18-edited.jpg 960w, https:\/\/malmivaalit.fi\/kuntavaalit2021\/wp-content\/uploads\/2020\/11\/mlm18-edited-300x169.jpg 300w, https:\/\/malmivaalit.fi\/kuntavaalit2021\/wp-content\/uploads\/2020\/11\/mlm18-edited-768x433.jpg 768w\" sizes=\"(max-width: 463px) 100vw, 463px\" \/><\/figure><\/div>\n\n\n\n\n\t\t\t\t<form action=\"\" method=\"post\" class=\"searchandfilter\">\n\t\t\t\t\t<div><input type=\"hidden\" name=\"ofpost_types[]\" value=\"post\" \/><ul><li><select  name='ofpuolue' id='ofpuolue' class='postform'>\n\t<option value='0' selected='selected'>Kaikki puolueet<\/option>\n\t<option class=\"level-0\" value=\"39\">Asukkaiden Helsinki<\/option>\n\t<option class=\"level-0\" value=\"47\">EOP<\/option>\n\t<option class=\"level-0\" value=\"17\">FP<\/option>\n\t<option class=\"level-0\" value=\"22\">KD<\/option>\n\t<option class=\"level-0\" value=\"51\">KD (sit)<\/option>\n\t<option class=\"level-0\" value=\"37\">KESK<\/option>\n\t<option class=\"level-0\" value=\"12\">KOK<\/option>\n\t<option class=\"level-0\" value=\"45\">Kristalli<\/option>\n\t<option class=\"level-0\" value=\"40\">LIIK<\/option>\n\t<option class=\"level-0\" value=\"44\">Listoihin kuulumaton<\/option>\n\t<option class=\"level-0\" value=\"11\">PIRA<\/option>\n\t<option class=\"level-0\" value=\"18\">PS<\/option>\n\t<option class=\"level-0\" value=\"24\">RKP<\/option>\n\t<option class=\"level-0\" value=\"46\">RKP (AP)<\/option>\n\t<option class=\"level-0\" value=\"23\">RKP (sit)<\/option>\n\t<option class=\"level-0\" value=\"19\">SDP<\/option>\n\t<option class=\"level-0\" value=\"30\">SIN<\/option>\n\t<option class=\"level-0\" value=\"43\">SIN (sit.)<\/option>\n\t<option class=\"level-0\" value=\"21\">VAS<\/option>\n\t<option class=\"level-0\" value=\"20\">VIHR<\/option>\n\t<option class=\"level-0\" value=\"41\">Ymp\u00e4rist\u00f6liike Helsinki<\/option>\n<\/select>\n<input type=\"hidden\" name=\"ofpuolue_operator\" value=\"and\" \/><\/li><li><select  name='ofkyselyvastaus' id='ofkyselyvastaus' class='postform'>\n\t<option value='0' selected='selected'>Lentokent\u00e4n s\u00e4ilytt\u00e4minen<\/option>\n\t<option class=\"level-0\" value=\"13\">E<\/option>\n\t<option class=\"level-0\" value=\"28\">EOS<\/option>\n\t<option class=\"level-0\" value=\"14\">K<\/option>\n<\/select>\n<input type=\"hidden\" name=\"ofkyselyvastaus_operator\" value=\"and\" \/><\/li><li><select  name='ofkyselyvastaus2' id='ofkyselyvastaus2' class='postform'>\n\t<option value='0' selected='selected'>All Kansan\u00e4\u00e4nestyksen toteuttaminen<\/option>\n\t<option class=\"level-0\" value=\"16\">E<\/option>\n\t<option class=\"level-0\" value=\"27\">EOS<\/option>\n\t<option class=\"level-0\" value=\"15\">K<\/option>\n<\/select>\n<input type=\"hidden\" name=\"ofkyselyvastaus2_operator\" value=\"and\" \/><\/li><li><input type=\"text\" name=\"ofsearch\" placeholder=\"Hakusana\" value=\"\"><\/li><li><input type=\"hidden\" name=\"ofsubmitted\" value=\"1\"><input type=\"submit\" value=\"Hae\"><\/li><\/ul><\/div><\/form>\n\n\n\n<p>T\u00e4m\u00e4 sivusto kokoaa ehdokkaiden kantoja Helsinki-Malmin lentoaseman tulevaisuudesta &#8211; tukevatko he Malmin lentoaseman s\u00e4ilytt\u00e4mist\u00e4 ilmailuk\u00e4yt\u00f6ss\u00e4. <\/p>\n\n\n\n<p>Ehdokkailta kysyt\u00e4\u00e4n my\u00f6s, tukevatko he kunnallisen, neuvoa-antavan kansan\u00e4\u00e4nestyksen j\u00e4rjest\u00e4mist\u00e4, jos lain edellytt\u00e4m\u00e4 m\u00e4\u00e4r\u00e4 kuntalaisia kannattaa asiaa.<\/p>\n\n\n\n<p>Malmivaalit-palveluun p\u00e4ivitet\u00e4\u00e4n ehdokkaiden tietoja jatkuvasti. Jos vastauksiasi ei l\u00f6ydy palvelusta tai haluat p\u00e4ivitt\u00e4\u00e4 tietojasi, <strong><a href=\"https:\/\/malmivaalit.fi\/kuntavaalit2021\/ohje-ehdokkaalle-2021\/\">t\u00e4yt\u00e4 lomake<\/a><\/strong>.<\/p>\n\n\n\n<p>Etsitk\u00f6 jokaiseen helsinkil\u00e4iseen kotitalouteen jaettavan Malmivaalit-lehden n\u00e4k\u00f6ispainosta? Lue se Malmin lentoaseman yst\u00e4v\u00e4t ry:n sivuilta: <strong><a rel=\"noreferrer noopener\" href=\"https:\/\/malmivaalit.fi\/kuntavaalit2021\/luelehti\" target=\"_blank\">https:\/\/www.malmiairport.fi\/kuntavaalit-2021-lue-lehti\/<\/a> <\/strong> tai lataa <a href=\"https:\/\/malmivaalit.fi\/kuntavaalit2021\/malmivaalit2021_lehti.pdf\"><strong>pdf<\/strong><\/a>.<\/p>\n\n\n\n<p>\u2022 <a href=\"https:\/\/malmivaalit.fi\/kuntavaalit2021\/kyselyvastaus\/k\/\"><strong>Katso kaikki kyll\u00e4-vastaukset lentoaseman s\u00e4ilytt\u00e4miseen<\/strong><\/a><br><a href=\"https:\/\/malmivaalit.fi\/kuntavaalit2021\/kyselyvastaus2\/k\/\">\u2022 <strong>Katso kaikki kyll\u00e4-vastaukset kansan\u00e4\u00e4nestyksen toteuttamiseen<\/strong><\/a><br>\u2022 <a href=\"https:\/\/malmivaalit.fi\/kuntavaalit2021\/tilastoja\/\" data-type=\"page\" data-id=\"4338\"><strong>Katso tilastoja<\/strong><\/a><br>\u2022 <a href=\"https:\/\/malmivaalit.fi\/kuntavaalit2021\/kuntalaisaloite\/\" data-type=\"page\" data-id=\"4439\"><strong>Lis\u00e4tietoja kuntalaisaloitteesta<\/strong><\/a><br>\u2022 <a href=\"https:\/\/malmivaalit.fi\/kuntavaalit2021\/aiemmat-malmivaalit\/\" data-type=\"page\" data-id=\"4348\"><strong>Aiemmat Malmivaalit<\/strong><\/a><\/p>\n","protected":false},"excerpt":{"rendered":"<p>T\u00e4m\u00e4 sivusto kokoaa ehdokkaiden kantoja Helsinki-Malmin lentoaseman tulevaisuudesta &#8211; tukevatko he Malmin lentoaseman s\u00e4ilytt\u00e4mist\u00e4 ilmailuk\u00e4yt\u00f6ss\u00e4. Ehdokkailta kysyt\u00e4\u00e4n my\u00f6s, tukevatko he kunnallisen, neuvoa-antavan kansan\u00e4\u00e4nestyksen j\u00e4rjest\u00e4mist\u00e4, jos lain edellytt\u00e4m\u00e4 m\u00e4\u00e4r\u00e4 kuntalaisia kannattaa asiaa. Malmivaalit-palveluun p\u00e4ivitet\u00e4\u00e4n ehdokkaiden tietoja jatkuvasti. Jos vastauksiasi ei l\u00f6ydy palvelusta tai haluat p\u00e4ivitt\u00e4\u00e4 tietojasi, t\u00e4yt\u00e4 lomake. Etsitk\u00f6 jokaiseen helsinkil\u00e4iseen kotitalouteen jaettavan Malmivaalit-lehden n\u00e4k\u00f6ispainosta? Lue &hellip; <a href=\"https:\/\/malmivaalit.fi\/kuntavaalit2021\/\" class=\"more-link\">Continue reading <span class=\"screen-reader-text\">Kuntavaalit kes\u00e4kuu 2021<\/span><\/a><\/p>\n","protected":false},"author":1,"featured_media":0,"parent":0,"menu_order":0,"comment_status":"closed","ping_status":"open","template":"","meta":{"_monsterinsights_skip_tracking":false,"_monsterinsights_sitenote_active":false,"_monsterinsights_sitenote_note":"","_monsterinsights_sitenote_category":0,"footnotes":""},"_links":{"self":[{"href":"https:\/\/malmivaalit.fi\/kuntavaalit2021\/wp-json\/wp\/v2\/pages\/2"}],"collection":[{"href":"https:\/\/malmivaalit.fi\/kuntavaalit2021\/wp-json\/wp\/v2\/pages"}],"about":[{"href":"https:\/\/malmivaalit.fi\/kuntavaalit2021\/wp-json\/wp\/v2\/types\/page"}],"author":[{"embeddable":true,"href":"https:\/\/malmivaalit.fi\/kuntavaalit2021\/wp-json\/wp\/v2\/users\/1"}],"replies":[{"embeddable":true,"href":"https:\/\/malmivaalit.fi\/kuntavaalit2021\/wp-json\/wp\/v2\/comments?post=2"}],"version-history":[{"count":38,"href":"https:\/\/malmivaalit.fi\/kuntavaalit2021\/wp-json\/wp\/v2\/pages\/2\/revisions"}],"predecessor-version":[{"id":4456,"href":"https:\/\/malmivaalit.fi\/kuntavaalit2021\/wp-json\/wp\/v2\/pages\/2\/revisions\/4456"}],"wp:attachment":[{"href":"https:\/\/malmivaalit.fi\/kuntavaalit2021\/wp-json\/wp\/v2\/media?parent=2"}],"curies":[{"name":"wp","href":"https:\/\/api.w.org\/{rel}","templated":true}]}}